{"id":131806,"date":"2024-02-20T10:42:55","date_gmt":"2024-02-20T10:42:55","guid":{"rendered":"https:\/\/komtur.pl\/?page_id=131806"},"modified":"2024-08-09T17:12:41","modified_gmt":"2024-08-09T17:12:41","slug":"privacy-policy","status":"publish","type":"page","link":"https:\/\/komtur.pl\/en\/privacy-policy\/","title":{"rendered":"Privacy Policy"},"content":{"rendered":"<div class=\"wpb-content-wrapper\">[vc_row unlock_row_content=&#8221;yes&#8221; row_height_percent=&#8221;0&#8243; override_padding=&#8221;yes&#8221; h_padding=&#8221;3&#8243; top_padding=&#8221;2&#8243; bottom_padding=&#8221;2&#8243; overlay_alpha=&#8221;50&#8243; gutter_size=&#8221;3&#8243; column_width_percent=&#8221;100&#8243; shift_y=&#8221;0&#8243; z_index=&#8221;0&#8243; uncode_shortcode_id=&#8221;162452&#8243;][vc_column column_width_percent=&#8221;100&#8243; gutter_size=&#8221;3&#8243; override_padding=&#8221;yes&#8221; column_padding=&#8221;2&#8243; overlay_alpha=&#8221;50&#8243; shift_x=&#8221;0&#8243; shift_y=&#8221;0&#8243; shift_y_down=&#8221;0&#8243; z_index=&#8221;0&#8243; medium_width=&#8221;0&#8243; mobile_width=&#8221;0&#8243; shadow=&#8221;xs&#8221; uncode_shortcode_id=&#8221;662635&#8243;][uncode_breadcrumbs][vc_column_text uncode_shortcode_id=&#8221;177869&#8243;]\r\n<h1 class=\"wp-block-heading\"><span style=\"color: #164094;\">Polityka Prywatno\u015bci<\/span><\/h1>\r\n\r\n<h3><span style=\"color: #5a7bb6;\"><strong>1. POSTANOWIENIA OG\u00d3LNE<\/strong><\/span><\/h3>\r\n<ul>\r\n \t<li>\u201ePod Skrzyd\u0142ami\u201d Piotr Skopiec i wsp\u00f3lnicy s.j. prowadz\u0105ca dzia\u0142alno\u015b\u0107 pod adresem: Al. Wilanowska 208\/4, 02-765 Warszawa, wpisana do rejestru przedsi\u0119biorc\u00f3w Krajowego Rejestru S\u0105dowego przez S\u0105d Rejonowy dla m.st. Warszawy, XIII Wydzia\u0142 Gospodarczy Krajowego Rejestru S\u0105dowego, pod numerem KRS 0000292901, NIP: 5220057654, REGON 010515570; prowadzi sklep internetowy pod adresem:\u00a0<a href=\"https:\/\/komtur.pl\/\" target=\"_blank\" rel=\"noopener\">https:\/\/komtur.pl<\/a>.<\/li>\r\n \t<li>Niniejsza polityka prywatno\u015bci Sklepu Internetowego ma charakter informacyjny, co oznacza, \u017ce nie jest ona \u017ar\u00f3d\u0142em obowi\u0105zk\u00f3w dla U\u017cytkownik\u00f3w lub Kupuj\u0105cych.<\/li>\r\n \t<li>Administratorem danych osobowych zbieranych za po\u015brednictwem Sklepu Internetowego jest \u201ePod Skrzyd\u0142ami\u201d Piotr Skopiec i wsp\u00f3lnicy s.j. prowadz\u0105ca dzia\u0142alno\u015b\u0107 pod adresem: Al. Wilanowska 208\/4, 02-765 Warszawa, wpisana do rejestru przedsi\u0119biorc\u00f3w Krajowego Rejestru S\u0105dowego przez S\u0105d Rejonowy dla m.st. Warszawy, XIII Wydzia\u0142 Gospodarczy Krajowego Rejestru S\u0105dowego, pod numerem KRS 0000292901, NIP: 5220057654, REGON 010515570 (dalej \u201e<strong>Apteka<\/strong>\u201d lub \u201e<strong>Administrator<\/strong>\u201d).<\/li>\r\n \t<li>Administrator przetwarza dane osobowe zgodnie z przepisami powszechnie obowi\u0105zuj\u0105cego prawa, w szczeg\u00f3lno\u015bci zgodnie z Rozporz\u0105dzeniem Parlamentu Europejskiego i Rady (UE) 2016\/679 z dnia 27 kwietnia 2016 r. w sprawie ochrony os\u00f3b fizycznych w zwi\u0105zku z przetwarzaniem danych osobowych i w sprawie swobodnego przep\u0142ywu takich danych oraz uchylenia dyrektywy 95\/46\/WE (dalej jako \u201e<strong>RODO<\/strong>\u201d) oraz krajowymi przepisami w zakresie ochrony danych osobowych.<\/li>\r\n \t<li>Administrator zapewnia odpowiednie \u015brodki techniczne i organizacyjne w celu zagwarantowania bezpiecze\u0144stwa przetwarzania danych osobowych oraz zgodno\u015bci przetwarzania z obowi\u0105zuj\u0105cym prawem. Administrator podejmuje odpowiednie \u015brodki w celu zapobiegania dost\u0119powi niepowo\u0142anych os\u00f3b, zapobieganiu wyciekom danych osobowych (nieuprawnionemu ujawnianiu) oraz ich zniekszta\u0142ceniu (naruszeniu integralno\u015bci danych).<\/li>\r\n<\/ul>\r\n<h3><span style=\"color: #5a7bb6;\"><strong>2. CEL I ZAKRES ZBIERANIA DANYCH ORAZ ODBIORCY DANYCH<\/strong><\/span><\/h3>\r\n<ul>\r\n \t<li>Ka\u017cdorazowo cele, zakres oraz odbiorcy danych osobowych przetwarzanych przez Administratora wynikaj\u0105 z dzia\u0142a\u0144 podejmowanych przez U\u017cytkownika lub Kupuj\u0105cego w Sklepie Internetowym.<\/li>\r\n \t<li>\r\n<ul>\r\n \t<li style=\"list-style-type: none;\">\r\n<ul>\r\n \t<li>zawarcie oraz realizacja Um\u00f3w Sprzeda\u017cy;<\/li>\r\n \t<li>marketing bezpo\u015bredni produkt\u00f3w lub us\u0142ug Komtur Polska sp. z o.o. (dystrybutor produkt\u00f3w sprzedawanych za po\u015brednictwem Sklepu) lub Apteki, w tym wysy\u0142ka newslettera.Mo\u017cliwe cele przetwarzania danych osobowych U\u017cytkownik\u00f3w lub Kupuj\u0105cych przez Administratora:<\/li>\r\n<\/ul>\r\n<\/li>\r\n<\/ul>\r\n<\/li>\r\n \t<li>Administrator przetwarza nast\u0119puj\u0105ce dane osobowe U\u017cytkownik\u00f3w i Kupuj\u0105cych: imi\u0119 i nazwisko, adres poczty elektronicznej, has\u0142o do konta, numer telefonu kontaktowego, adres dostawy (ulica, numer domu, numer lokalu, kod pocztowy, miejscowo\u015b\u0107, kraj), adres zamieszkania \/ prowadzenia dzia\u0142alno\u015bci \/ siedziby, NIP, PESEL.<\/li>\r\n \t<li>Podanie danych osobowych przez U\u017cytkownika lub Kupuj\u0105cego jest dobrowolne, aczkolwiek niepodanie wskazanych wy\u017cej danych osobowych niezb\u0119dnych do zawarcia i realizacji Umowy Sprzeda\u017cy skutkuje brakiem mo\u017cliwo\u015bci zawarcia Umowy Sprzeda\u017cy lub \u2013 w zale\u017cno\u015bci od przypadku \u2013 wystawienia faktury VAT.<\/li>\r\n \t<li>Dane osobowe U\u017cytkownik\u00f3w lub Kupuj\u0105cych przetwarzane w celu zawarcia oraz realizacji Umowy Sprzeda\u017cy. Administrator przetwarza, w tym przechowuje, przez czas niezb\u0119dny dla realizowania zam\u00f3wie\u0144 oraz \u015bwiadczenia us\u0142ug gwarancyjnych.<\/li>\r\n \t<li>Podstaw\u0105 prawn\u0105 przetwarzania danych osobowych dla celu marketingu bezpo\u015bredniego produkt\u00f3w lub us\u0142ug Administratora lub Komtur Polska sp. z o.o. jest prawnie uzasadniony interes realizowany przez Administratora w zwi\u0105zku z prowadzon\u0105 dzia\u0142alno\u015bci\u0105 gospodarcz\u0105. Dane osobowe przetwarzane dla celu marketingu bezpo\u015bredniego Administrator przetwarza, w tym przechowuje do czasu zg\u0142oszenia ewentualnego sprzeciwu.<\/li>\r\n \t<li>W przypadku, gdy Administrator zamierza przetwarza\u0107 lub przetwarza dane U\u017cytkownik\u00f3w lub Kupuj\u0105cych w celu marketingu bezpo\u015bredniego, osoba, kt\u00f3rej dane dotycz\u0105, uprawniona jest do wniesienia sprzeciwu wobec przetwarzania jej danych.<\/li>\r\n \t<li>Odbiorcami danych osobowych os\u00f3b odwiedzaj\u0105cych Sklep Internetowy mog\u0105 by\u0107:\r\n<ul>\r\n \t<li>podmioty \u015bwiadcz\u0105ce us\u0142ugi zarz\u0105dzania Sklepem Internetowym: Komtur Polska sp. z o.o. Plac Farmacji nr 1, 02-699 Warszawa, KRS 0000221399, NIP 5222749770, REGON 015805870; oraz Konkret PR Sp. z o.o. z siedzib\u0105 w Warszawie przy ul. Kartonowej 6 A, 04-781 Warszawa, NIP: 9522108907<\/li>\r\n \t<li>w przypadku Kupuj\u0105cego, kt\u00f3ry korzysta w Sklepie Internetowym ze sposobu dostawy przesy\u0142k\u0105 kuriersk\u0105, Administrator udost\u0119pnia zebrane dane osobowe Klienta wybranemu przewo\u017anikowi lub po\u015brednikowi realizuj\u0105cemu przesy\u0142ki na zlecenie Administratora;<\/li>\r\n \t<li>Facebook Ireland Ltd. z siedzib\u0105 w Irlandii, Dublin (dalej \u201e<strong>Facebook<\/strong>\u201d) w zakresie adresu IP oraz danych technicznych przegl\u0105darki w zwi\u0105zku z wykorzystaniem optymalizacji Facebook Pixel;<\/li>\r\n \t<li>Google LLC w zwi\u0105zku z korzystaniem z takich narz\u0119dzi systemowych jak Google Ads, Google Analytics czy Google AdSenses;<\/li>\r\n \t<li>dostawca us\u0142ug hostingowych dla Administratora: H88 S.A., z siedzib\u0105 w Polsce, ul. Franklina Roosevelta 22, 60-829 Pozna\u0144;<\/li>\r\n \t<li>zewn\u0119trzni dostawcy specjalizuj\u0105cy si\u0119 w dostarczaniu us\u0142ug marketingowych (np. agencje marketingowe) w zwi\u0105zku z projektowaniem, planowaniem i umieszczaniem reklam.<\/li>\r\n<\/ul>\r\n<\/li>\r\n<\/ul>\r\n<h3><span style=\"color: #5a7bb6;\"><strong>3. PRAWA OS\u00d3B, KT\u00d3RYCH DANE S\u0104 PRZETWARZANE<\/strong><\/span><\/h3>\r\n<ul>\r\n \t<li>Zgodnie z przepisami, ka\u017cda osoba, kt\u00f3rej dane osobowe s\u0105 przetwarzane przez Administratora, ma prawo do \u017c\u0105dania dost\u0119pu do danych jej dotycz\u0105cych, ich sprostowania, usuni\u0119cia, ograniczenia przetwarzania oraz wniesienia sprzeciwu wobec przetwarzania, a tak\u017ce prawo do przenoszenia danych osobowych oraz prawo wniesienia skargi do w\u0142a\u015bciwego organu nadzorczego.<\/li>\r\n \t<li>Realizacja praw podmiotu danych jest mo\u017cliwa poprzez z\u0142o\u017cenie odpowiedniego wniosku w siedzibie Administrator, poprzez przes\u0142anie listu poczt\u0105 tradycyjn\u0105 na adres Administratora lub poczt\u0105 elektroniczn\u0105 na adres:\u00a0<a>pku(at)pkusklep.pl<\/a><\/li>\r\n \t<li>Prawo \u017c\u0105dania usuni\u0119cia danych osobowych okre\u015blonej osoby mo\u017ce by\u0107 wykonane jedynie w przypadku, gdy dane te nie s\u0105 ju\u017c niezb\u0119dne do cel\u00f3w, w kt\u00f3rych zosta\u0142y zebrane i by\u0142y przetwarzane oraz nie istniej\u0105 nadrz\u0119dne prawnie uzasadnione podstawy przetwarzania tych danych. Dane nie zostan\u0105 tak\u017ce usuni\u0119te, je\u017celi:\r\n<ul>\r\n \t<li>ich przetwarzanie jest konieczne dla wype\u0142nienia obowi\u0105zk\u00f3w na\u0142o\u017conych na Administratora w przepisach obowi\u0105zuj\u0105cego prawa lub<\/li>\r\n \t<li>gdy przetwarzanie tych danych jest konieczne dla ustalania, dochodzenia i obrony przez Administratora roszcze\u0144.<\/li>\r\n \t<li>Skorzystanie z prawa do usuni\u0119cia danych osobowych nie jest mo\u017cliwe, dop\u00f3ki Kupuj\u0105cego i Administratora \u0142\u0105czy Umowa Sprzeda\u017cy.<\/li>\r\n<\/ul>\r\n<\/li>\r\n<\/ul>\r\n<h3><span style=\"color: #5a7bb6;\"><strong>4. COOKIES<\/strong><\/span><\/h3>\r\n<ul>\r\n \t<li>Pliki cookies, zwane tak\u017ce \u201eciasteczkami\u201d, to niewielkie pliki zawieraj\u0105ce ci\u0105g znak\u00f3w, kt\u00f3re s\u0105 wysy\u0142ane i zapisywane na urz\u0105dzeniu ko\u0144cowym (np. komputerze, laptopie, tablecie, smartfonie) u\u017cywanym przez U\u017cytkownika oraz Kupuj\u0105cych w zwi\u0105zku z odwiedzaniem Sklepu Internetowego. Informacje te przesy\u0142ane s\u0105 do schowka u\u017cywanej przegl\u0105darki, kt\u00f3ra wysy\u0142a je z powrotem przy nast\u0119pnych wej\u015bciach na stron\u0119 internetow\u0105. Pliki cookies zawieraj\u0105 informacje niezb\u0119dne do prawid\u0142owego korzystania z serwis\u00f3w internetowych. Najcz\u0119\u015bciej zawieraj\u0105 one nazw\u0119 strony internetowej z kt\u00f3rej pochodz\u0105, czas przechowywania ich na urz\u0105dzeniu ko\u0144cowym oraz unikalny numer.<\/li>\r\n \t<li>Administrator w zwi\u0105zku z prowadzeniem Sklepu Internetowego u\u017cywa plik\u00f3w cookies, s\u0142u\u017c\u0105ce udoskonalenia witryny Sklepu Internetowego z uwzgl\u0119dnieniem potrzeb U\u017cytkownik\u00f3w oraz Kupuj\u0105cych i zapewnienia ich bezpiecze\u0144stwa podczas przebywania na stronie Sklepu Internetowego. Pliki cookies umo\u017cliwiaj\u0105 \u015bledzenie cz\u0119stotliwo\u015bci ods\u0142on i nawigacji na stronie, a tak\u017ce umo\u017cliwiaj\u0105 prowadzenie marketingu bezpo\u015bredniego produkt\u00f3w firmy poprzez wy\u015bwietlanie reklam przy wsp\u00f3\u0142pracy z partnerami takimi jak Google LLC lub Facebook Ireland Ltd (tzw. reklama targetowana lub poprzez komunikacj\u0119 telefoniczn\u0105).<\/li>\r\n \t<li>\r\n<ul>\r\n \t<li style=\"list-style-type: none;\">\r\n<ul>\r\n \t<li>identyfikacji U\u017cytkownik\u00f3w jako zalogowanych w Sklepie Internetowym;<\/li>\r\n \t<li>zapami\u0119tywania produkt\u00f3w dodanych do koszyka w celu z\u0142o\u017cenia Zam\u00f3wienia;<\/li>\r\n \t<li>zapami\u0119tywania danych logowania do Sklepu Internetowego;<\/li>\r\n \t<li>zapami\u0119tywania odwiedzanych stron produktowych przez U\u017cytkownik\u00f3w;<\/li>\r\n \t<li>optymalizacji zawarto\u015bci strony Sklepu Internetowego z uwzgl\u0119dnieniem indywidualnych preferencji U\u017cytkownik\u00f3w (np. dotycz\u0105cych kolor\u00f3w, rozmiaru czcionki, uk\u0142adu strony);<\/li>\r\n \t<li>optymalizacji reklamy produkt\u00f3w Komtur Polska sp. z o.o. lub Apteki poprzez uczynienie ich bardziej widocznymi w serwisie spo\u0142eczno\u015bciowym Facebook, z u\u017cyciem pixela Facebooka, kt\u00f3ry pozwala na przekazywanie danych o aktywno\u015bci na stronie Sklepu Internetowego do Facebook i wykorzystania tych informacji w celu dopasowania wy\u015bwietlanych tam reklam;<\/li>\r\n \t<li>dopasowania tre\u015bci i form reklam produkt\u00f3w i us\u0142ug Komtur Polska sp. z o.o., wy\u015bwietlanych na witrynach internetowych Komtur Polska sp. z o.o. lub Apteki oraz Google LLC i na stronach wsp\u00f3\u0142pracuj\u0105cych w ramach programu Google AdSense, mi\u0119dzy innymi przy pomocy narz\u0119dzi takich jak system Google Ads;<\/li>\r\n \t<li>w celu umo\u017cliwienia witrynie internetowej przeanalizowania sposobu, w jaki spos\u00f3b U\u017cytkownicy z niej korzystaj\u0105 za pomoc\u0105 rozwi\u0105za\u0144 Google Analytics oraz Google AdSense, w tym wy\u015bwietlanie U\u017cytkownikom reklam na podstawie aktywno\u015bci internetowych;<\/li>\r\n \t<li>prowadzenia anonimowych statystyk dotycz\u0105cych korzystania ze Sklepu Internetowego.Administrator mo\u017ce przetwarza\u0107 dane zawarte w plikach cookies podczas korzystania przez U\u017cytkownik\u00f3w ze strony Sklepu Internetowego w nast\u0119puj\u0105cych celach:<\/li>\r\n<\/ul>\r\n<\/li>\r\n<\/ul>\r\n<\/li>\r\n \t<li>Standardowo wi\u0119kszo\u015b\u0107 przegl\u0105darek internetowych dost\u0119pnych na rynku domy\u015blnie akceptuje zapisywanie plik\u00f3w cookies. Ka\u017cdy ma mo\u017cliwo\u015b\u0107 okre\u015blenia warunk\u00f3w korzystania z plik\u00f3w cookies za pomoc\u0105 ustawie\u0144 w\u0142asnej przegl\u0105darki. Oznacza to, \u017ce mo\u017cna np. cz\u0119\u015bciowo ograniczy\u0107 (np. czasowo) lub ca\u0142kowicie wy\u0142\u0105czy\u0107 mo\u017cliwo\u015b\u0107 zapisywania plik\u00f3w cookies \u2013 w tym ostatnim wypadku jednak mo\u017ce to mie\u0107 wp\u0142yw na niekt\u00f3re funkcjonalno\u015bci Sklepu Internetowego.<\/li>\r\n \t<li>Ustawienia przegl\u0105darki internetowej w zakresie plik\u00f3w cookies s\u0105 istotne z punktu widzenia akceptacji korzystania z plik\u00f3w cookies przez Sklep Internetowy \u2013 zgodnie z przepisami taka akceptacja mo\u017ce by\u0107 wyra\u017cona r\u00f3wnie\u017c poprzez ustawienia przegl\u0105darki internetowej. W braku wyra\u017cenia takiej zgody nale\u017cy odpowiednio zmieni\u0107 ustawienia przegl\u0105darki internetowej w zakresie plik\u00f3w cookies.<\/li>\r\n \t<li>Szczeg\u00f3\u0142owe informacje o mo\u017cliwo\u015bciach i sposobach obs\u0142ugi plik\u00f3w cookies dost\u0119pne s\u0105 w poszczeg\u00f3lnych przegl\u0105darkach:\r\n<ul>\r\n \t<li><a href=\"https:\/\/support.microsoft.com\/pl-pl\/help\/17442\/windows-internet-explorer-delete-manage-cookies\" target=\"_blank\" rel=\"noopener noreferrer\">Internet Explorer<\/a>,<\/li>\r\n \t<li><a href=\"https:\/\/support.google.com\/chrome\/answer\/95647?hl=pl&amp;ref_topic=7438325\" target=\"_blank\" rel=\"noopener noreferrer\">Google Chrome<\/a>,<\/li>\r\n \t<li><a href=\"https:\/\/support.mozilla.org\/pl\/kb\/W%C5%82%C4%85czanie%20i%20wy%C5%82%C4%85czanie%20obs%C5%82ugi%20ciasteczek\" target=\"_blank\" rel=\"noopener noreferrer\">Firefox Mozilla<\/a>,<\/li>\r\n \t<li><a href=\"https:\/\/help.opera.com\/pl\/latest\/web-preferences\/\" target=\"_blank\" rel=\"noopener noreferrer\">Opera<\/a>,<\/li>\r\n \t<li><a href=\"https:\/\/support.apple.com\/pl-pl\/guide\/safari\/sfri11471\/mac\" target=\"_blank\" rel=\"noopener noreferrer\">Safari<\/a>.<\/li>\r\n<\/ul>\r\n<\/li>\r\n<\/ul>\r\n<h3><span style=\"color: #5a7bb6;\"><strong>5. POSTANOWIENIA KO\u0143COWE<\/strong><\/span><\/h3>\r\n<ul>\r\n \t<li>Niniejsza polityka prywatno\u015bci obowi\u0105zuje od 25 maja 2020 r.<\/li>\r\n \t<li>Niniejsza Polityka jest uchwalana przez Administratora i podlega okresowym przegl\u0105dom w celu aktualizacji, w szczeg\u00f3lno\u015bci w przypadku zmian regulacji prawnych.<\/li>\r\n \t<li>Wszelkie zmiany niniejszej polityki b\u0119d\u0105 publikowane w Sklepie Internetowym.<\/li>\r\n<\/ul>\r\n[\/vc_column_text][\/vc_column][\/vc_row]<\/div>","protected":false},"excerpt":{"rendered":"<p>[vc_row unlock_row_content=&#8221;yes&#8221; row_height_percent=&#8221;0&#8243; override_padding=&#8221;yes&#8221; h_padding=&#8221;3&#8243; top_padding=&#8221;2&#8243; bottom_padding=&#8221;2&#8243; overlay_alpha=&#8221;50&#8243; gutter_size=&#8221;3&#8243; column_width_percent=&#8221;100&#8243; shift_y=&#8221;0&#8243; z_index=&#8221;0&#8243; uncode_shortcode_id=&#8221;162452&#8243;][vc_column column_width_percent=&#8221;100&#8243; gutter_size=&#8221;3&#8243; override_padding=&#8221;yes&#8221; column_padding=&#8221;2&#8243; overlay_alpha=&#8221;50&#8243; shift_x=&#8221;0&#8243; shift_y=&#8221;0&#8243; [&hellip;]<\/p>\n","protected":false},"author":3,"featured_media":0,"parent":0,"menu_order":0,"comment_status":"closed","ping_status":"closed","template":"","meta":{"footnotes":""},"class_list":["post-131806","page","type-page","status-publish","hentry"],"yoast_head":"<!-- This site is optimized with the Yoast SEO plugin v27.1.1 - https:\/\/yoast.com\/product\/yoast-seo-wordpress\/ -->\n<title>Privacy Policy - KOMTUR<\/title>\n<meta name=\"robots\" content=\"index, follow, max-snippet:-1, max-image-preview:large, max-video-preview:-1\" \/>\n<link rel=\"canonical\" href=\"https:\/\/komtur.pl\/en\/privacy-policy\/\" \/>\n<meta property=\"og:locale\" content=\"en_US\" \/>\n<meta property=\"og:type\" content=\"article\" \/>\n<meta property=\"og:title\" content=\"Privacy Policy - KOMTUR\" \/>\n<meta property=\"og:description\" content=\"[vc_row unlock_row_content=&#8221;yes&#8221; row_height_percent=&#8221;0&#8243; override_padding=&#8221;yes&#8221; h_padding=&#8221;3&#8243; top_padding=&#8221;2&#8243; bottom_padding=&#8221;2&#8243; overlay_alpha=&#8221;50&#8243; gutter_size=&#8221;3&#8243; column_width_percent=&#8221;100&#8243; shift_y=&#8221;0&#8243; z_index=&#8221;0&#8243; uncode_shortcode_id=&#8221;162452&#8243;][vc_column column_width_percent=&#8221;100&#8243; gutter_size=&#8221;3&#8243; override_padding=&#8221;yes&#8221; column_padding=&#8221;2&#8243; overlay_alpha=&#8221;50&#8243; shift_x=&#8221;0&#8243; shift_y=&#8221;0&#8243; [&hellip;]\" \/>\n<meta property=\"og:url\" content=\"https:\/\/komtur.pl\/en\/privacy-policy\/\" \/>\n<meta property=\"og:site_name\" content=\"KOMTUR\" \/>\n<meta property=\"article:modified_time\" content=\"2024-08-09T17:12:41+00:00\" \/>\n<meta name=\"twitter:card\" content=\"summary_large_image\" \/>\n<meta name=\"twitter:label1\" content=\"Est. reading time\" \/>\n\t<meta name=\"twitter:data1\" content=\"9 minutes\" \/>\n<script type=\"application\/ld+json\" class=\"yoast-schema-graph\">{\"@context\":\"https:\/\/schema.org\",\"@graph\":[{\"@type\":\"WebPage\",\"@id\":\"https:\/\/komtur.pl\/en\/privacy-policy\/\",\"url\":\"https:\/\/komtur.pl\/en\/privacy-policy\/\",\"name\":\"Privacy Policy - KOMTUR\",\"isPartOf\":{\"@id\":\"https:\/\/komtur.pl\/en\/#website\"},\"datePublished\":\"2024-02-20T10:42:55+00:00\",\"dateModified\":\"2024-08-09T17:12:41+00:00\",\"breadcrumb\":{\"@id\":\"https:\/\/komtur.pl\/en\/privacy-policy\/#breadcrumb\"},\"inLanguage\":\"en-US\",\"potentialAction\":[{\"@type\":\"ReadAction\",\"target\":[\"https:\/\/komtur.pl\/en\/privacy-policy\/\"]}]},{\"@type\":\"BreadcrumbList\",\"@id\":\"https:\/\/komtur.pl\/en\/privacy-policy\/#breadcrumb\",\"itemListElement\":[{\"@type\":\"ListItem\",\"position\":1,\"name\":\"Strona g\u0142\u00f3wna\",\"item\":\"https:\/\/komtur.pl\/en\/\"},{\"@type\":\"ListItem\",\"position\":2,\"name\":\"Privacy Policy\"}]},{\"@type\":\"WebSite\",\"@id\":\"https:\/\/komtur.pl\/en\/#website\",\"url\":\"https:\/\/komtur.pl\/en\/\",\"name\":\"KOMTUR\",\"description\":\"\",\"potentialAction\":[{\"@type\":\"SearchAction\",\"target\":{\"@type\":\"EntryPoint\",\"urlTemplate\":\"https:\/\/komtur.pl\/en\/?s={search_term_string}\"},\"query-input\":{\"@type\":\"PropertyValueSpecification\",\"valueRequired\":true,\"valueName\":\"search_term_string\"}}],\"inLanguage\":\"en-US\"}]}<\/script>\n<!-- \/ Yoast SEO plugin. -->","yoast_head_json":{"title":"Privacy Policy - KOMTUR","robots":{"index":"index","follow":"follow","max-snippet":"max-snippet:-1","max-image-preview":"max-image-preview:large","max-video-preview":"max-video-preview:-1"},"canonical":"https:\/\/komtur.pl\/en\/privacy-policy\/","og_locale":"en_US","og_type":"article","og_title":"Privacy Policy - KOMTUR","og_description":"[vc_row unlock_row_content=&#8221;yes&#8221; row_height_percent=&#8221;0&#8243; override_padding=&#8221;yes&#8221; h_padding=&#8221;3&#8243; top_padding=&#8221;2&#8243; bottom_padding=&#8221;2&#8243; overlay_alpha=&#8221;50&#8243; gutter_size=&#8221;3&#8243; column_width_percent=&#8221;100&#8243; shift_y=&#8221;0&#8243; z_index=&#8221;0&#8243; uncode_shortcode_id=&#8221;162452&#8243;][vc_column column_width_percent=&#8221;100&#8243; gutter_size=&#8221;3&#8243; override_padding=&#8221;yes&#8221; column_padding=&#8221;2&#8243; overlay_alpha=&#8221;50&#8243; shift_x=&#8221;0&#8243; shift_y=&#8221;0&#8243; [&hellip;]","og_url":"https:\/\/komtur.pl\/en\/privacy-policy\/","og_site_name":"KOMTUR","article_modified_time":"2024-08-09T17:12:41+00:00","twitter_card":"summary_large_image","twitter_misc":{"Est. reading time":"9 minutes"},"schema":{"@context":"https:\/\/schema.org","@graph":[{"@type":"WebPage","@id":"https:\/\/komtur.pl\/en\/privacy-policy\/","url":"https:\/\/komtur.pl\/en\/privacy-policy\/","name":"Privacy Policy - KOMTUR","isPartOf":{"@id":"https:\/\/komtur.pl\/en\/#website"},"datePublished":"2024-02-20T10:42:55+00:00","dateModified":"2024-08-09T17:12:41+00:00","breadcrumb":{"@id":"https:\/\/komtur.pl\/en\/privacy-policy\/#breadcrumb"},"inLanguage":"en-US","potentialAction":[{"@type":"ReadAction","target":["https:\/\/komtur.pl\/en\/privacy-policy\/"]}]},{"@type":"BreadcrumbList","@id":"https:\/\/komtur.pl\/en\/privacy-policy\/#breadcrumb","itemListElement":[{"@type":"ListItem","position":1,"name":"Strona g\u0142\u00f3wna","item":"https:\/\/komtur.pl\/en\/"},{"@type":"ListItem","position":2,"name":"Privacy Policy"}]},{"@type":"WebSite","@id":"https:\/\/komtur.pl\/en\/#website","url":"https:\/\/komtur.pl\/en\/","name":"KOMTUR","description":"","potentialAction":[{"@type":"SearchAction","target":{"@type":"EntryPoint","urlTemplate":"https:\/\/komtur.pl\/en\/?s={search_term_string}"},"query-input":{"@type":"PropertyValueSpecification","valueRequired":true,"valueName":"search_term_string"}}],"inLanguage":"en-US"}]}},"_links":{"self":[{"href":"https:\/\/komtur.pl\/en\/wp-json\/wp\/v2\/pages\/131806","targetHints":{"allow":["GET"]}}],"collection":[{"href":"https:\/\/komtur.pl\/en\/wp-json\/wp\/v2\/pages"}],"about":[{"href":"https:\/\/komtur.pl\/en\/wp-json\/wp\/v2\/types\/page"}],"author":[{"embeddable":true,"href":"https:\/\/komtur.pl\/en\/wp-json\/wp\/v2\/users\/3"}],"replies":[{"embeddable":true,"href":"https:\/\/komtur.pl\/en\/wp-json\/wp\/v2\/comments?post=131806"}],"version-history":[{"count":1,"href":"https:\/\/komtur.pl\/en\/wp-json\/wp\/v2\/pages\/131806\/revisions"}],"predecessor-version":[{"id":131808,"href":"https:\/\/komtur.pl\/en\/wp-json\/wp\/v2\/pages\/131806\/revisions\/131808"}],"wp:attachment":[{"href":"https:\/\/komtur.pl\/en\/wp-json\/wp\/v2\/media?parent=131806"}],"curies":[{"name":"wp","href":"https:\/\/api.w.org\/{rel}","templated":true}]}}