{"id":131749,"date":"2024-07-09T09:54:41","date_gmt":"2024-07-09T09:54:41","guid":{"rendered":"https:\/\/komtur.pl\/?page_id=131749"},"modified":"2024-08-12T09:57:06","modified_gmt":"2024-08-12T09:57:06","slug":"komtur-care","status":"publish","type":"page","link":"https:\/\/komtur.pl\/en\/komtur-care\/","title":{"rendered":"Komtur Care"},"content":{"rendered":"<div class=\"wpb-content-wrapper\"><p>[vc_row unlock_row_content=&#8221;yes&#8221; row_height_percent=&#8221;0&#8243; override_padding=&#8221;yes&#8221; h_padding=&#8221;3&#8243; top_padding=&#8221;3&#8243; bottom_padding=&#8221;3&#8243; overlay_alpha=&#8221;50&#8243; gutter_size=&#8221;3&#8243; column_width_percent=&#8221;100&#8243; shift_y=&#8221;0&#8243; z_index=&#8221;0&#8243; uncode_shortcode_id=&#8221;145281&#8243;][vc_column column_width_percent=&#8221;100&#8243; gutter_size=&#8221;3&#8243; overlay_alpha=&#8221;50&#8243; shift_x=&#8221;0&#8243; shift_y=&#8221;0&#8243; shift_y_down=&#8221;0&#8243; z_index=&#8221;0&#8243; medium_width=&#8221;0&#8243; mobile_width=&#8221;0&#8243; width=&#8221;5\/6&#8243; uncode_shortcode_id=&#8221;114311&#8243;][vc_custom_heading text_color=&#8221;color-130964&#8243; text_size=&#8221;fontsize-816752&#8243; uncode_shortcode_id=&#8221;190758&#8243; text_color_type=&#8221;uncode-palette&#8221;]Komtur Care[\/vc_custom_heading][vc_column_text text_lead=&#8221;yes&#8221; uncode_shortcode_id=&#8221;129133&#8243;]<\/p>\n<h3><strong>Komtur Care is a part of the Komtur Pharmaceuticals group, which focuses on projects in patient support programs and services to support the distribution of pharmaceutical products. <\/strong><\/h3>\n<p>We provide monitoring and drug therapy logistics together with full patient education and professional carer training. First in Poland, we implement the concept of home care for rare diseases patients. Our aim is to keep vigilance over the proper treatment proceedings, to fully secure the safety of our patients and provide professional care in order to improve the quality of their life. Komtur Care develops the range of Komtur Polska Group services such as marketing and drug promotion &#8211; for rare and ultra-rare diseases in particular and it\u2019s meant to be huge factor in strengthening the Komtur\u2019s brand position on the pharmaceutical market.[\/vc_column_text][\/vc_column][vc_column width=&#8221;1\/6&#8243;][\/vc_column][\/vc_row][vc_row unlock_row_content=&#8221;yes&#8221; row_height_percent=&#8221;89&#8243; override_padding=&#8221;yes&#8221; h_padding=&#8221;3&#8243; top_padding=&#8221;2&#8243; bottom_padding=&#8221;2&#8243; overlay_alpha=&#8221;50&#8243; gutter_size=&#8221;0&#8243; column_width_percent=&#8221;100&#8243; shift_y=&#8221;0&#8243; z_index=&#8221;0&#8243; el_class=&#8221;inverted-device-order&#8221; uncode_shortcode_id=&#8221;159140&#8243;][vc_column column_width_percent=&#8221;100&#8243; gutter_size=&#8221;3&#8243; overlay_alpha=&#8221;50&#8243; shift_x=&#8221;0&#8243; shift_y=&#8221;0&#8243; shift_y_down=&#8221;0&#8243; z_index=&#8221;0&#8243; medium_width=&#8221;0&#8243; mobile_width=&#8221;0&#8243; width=&#8221;7\/12&#8243; uncode_shortcode_id=&#8221;464142&#8243;][vc_single_image media=&#8221;130640&#8243; media_width_percent=&#8221;100&#8243; media_ratio=&#8221;five-four&#8221; uncode_shortcode_id=&#8221;197318&#8243;][\/vc_column][vc_column column_width_percent=&#8221;100&#8243; position_vertical=&#8221;middle&#8221; gutter_size=&#8221;2&#8243; override_padding=&#8221;yes&#8221; column_padding=&#8221;2&#8243; back_color=&#8221;color-lxmt&#8221; overlay_alpha=&#8221;50&#8243; shift_x=&#8221;-3&#8243; shift_x_fixed=&#8221;yes&#8221; shift_y=&#8221;0&#8243; shift_y_down=&#8221;0&#8243; z_index=&#8221;2&#8243; medium_width=&#8221;0&#8243; mobile_width=&#8221;0&#8243; width=&#8221;5\/12&#8243; uncode_shortcode_id=&#8221;189807&#8243; back_color_type=&#8221;uncode-palette&#8221;][vc_custom_heading text_color=&#8221;color-130964&#8243; uncode_shortcode_id=&#8221;185604&#8243; text_color_type=&#8221;uncode-palette&#8221;]\u201ePatient Support Programs\u201d and \u201eHome Delivery\u201d Services[\/vc_custom_heading][uncode_list icon=&#8221;fa fa-check-square-o&#8221; icon_color=&#8221;accent&#8221; uncode_shortcode_id=&#8221;210784&#8243; icon_color_type=&#8221;uncode-palette&#8221;]<\/p>\n<ul>\n<li>professional nursing care for patients requiring specific medical \u00a0treatment\u00a0at\u00a0home<\/li>\n<li>delivery of medical equipment and other materials necessary for treatment\u00a0directly to the patient<\/li>\n<li>\u00a0permanent supervision of qualified staff<\/li>\n<li>\u00a0instruction services for patients and professional trainings for dedicated nursing staff<\/li>\n<li>\u00a0full technical support for the medical equipment used within the Program<\/li>\n<li>\u00a024\/7 Hotline for patients<\/li>\n<\/ul>\n<p>[\/uncode_list][vc_button button_color=&#8221;accent&#8221; border_width=&#8221;0&#8243; button_color_type=&#8221;uncode-palette&#8221; uncode_shortcode_id=&#8221;172652&#8243; link=&#8221;url:http%3A%2F%2Fkomtur.pl%2Fen%2Fcontact%2F|title:Kontakt&#8221;]Contact us[\/vc_button][\/vc_column][\/vc_row][vc_row unlock_row_content=&#8221;yes&#8221; row_height_percent=&#8221;0&#8243; override_padding=&#8221;yes&#8221; h_padding=&#8221;3&#8243; top_padding=&#8221;2&#8243; bottom_padding=&#8221;2&#8243; overlay_alpha=&#8221;50&#8243; gutter_size=&#8221;0&#8243; column_width_percent=&#8221;100&#8243; shift_y=&#8221;0&#8243; z_index=&#8221;0&#8243; uncode_shortcode_id=&#8221;954631&#8243; row_name=&#8221;Komtur AP-Programy Dost\u0119pu&#8221;][vc_column column_width_percent=&#8221;100&#8243; position_vertical=&#8221;middle&#8221; gutter_size=&#8221;2&#8243; override_padding=&#8221;yes&#8221; column_padding=&#8221;2&#8243; back_color=&#8221;color-lxmt&#8221; overlay_alpha=&#8221;50&#8243; shift_x=&#8221;3&#8243; shift_x_fixed=&#8221;yes&#8221; shift_y=&#8221;0&#8243; shift_y_down=&#8221;0&#8243; z_index=&#8221;2&#8243; medium_width=&#8221;0&#8243; mobile_width=&#8221;0&#8243; width=&#8221;5\/12&#8243; uncode_shortcode_id=&#8221;133248&#8243; back_color_type=&#8221;uncode-palette&#8221;][vc_custom_heading text_color=&#8221;color-130964&#8243; uncode_shortcode_id=&#8221;281005&#8243; text_color_type=&#8221;uncode-palette&#8221;]\u201eMarket access\u201d Services[\/vc_custom_heading][vc_column_text uncode_shortcode_id=&#8221;461460&#8243;]We provide all services related to:[\/vc_column_text][uncode_list icon=&#8221;fa fa-check-square-o&#8221; icon_color=&#8221;accent&#8221; uncode_shortcode_id=&#8221;487306&#8243; icon_color_type=&#8221;uncode-palette&#8221;]<\/p>\n<ul>\n<li>building a comprehensive strategy for drug market entrance<\/li>\n<li>marketing and promotion for pharmaceutical products<\/li>\n<li>drug sale supporting programs<\/li>\n<li>drug access programs (innovative therapies)<\/li>\n<\/ul>\n<p>[\/uncode_list][\/vc_column][vc_column column_width_percent=&#8221;100&#8243; gutter_size=&#8221;3&#8243; overlay_alpha=&#8221;50&#8243; shift_x=&#8221;0&#8243; shift_y=&#8221;0&#8243; shift_y_down=&#8221;0&#8243; z_index=&#8221;0&#8243; medium_width=&#8221;0&#8243; mobile_width=&#8221;0&#8243; width=&#8221;7\/12&#8243; uncode_shortcode_id=&#8221;464142&#8243;][vc_empty_space empty_h=&#8221;2&#8243; desktop_visibility=&#8221;yes&#8221;][vc_single_image media=&#8221;130650&#8243; media_width_percent=&#8221;100&#8243; media_ratio=&#8221;three-two&#8221; uncode_shortcode_id=&#8221;806442&#8243;][\/vc_column][\/vc_row][vc_row unlock_row_content=&#8221;yes&#8221; row_height_percent=&#8221;0&#8243; override_padding=&#8221;yes&#8221; h_padding=&#8221;3&#8243; top_padding=&#8221;3&#8243; bottom_padding=&#8221;3&#8243; back_color=&#8221;color-xsdn&#8221; overlay_alpha=&#8221;50&#8243; gutter_size=&#8221;3&#8243; column_width_percent=&#8221;100&#8243; shift_y=&#8221;0&#8243; z_index=&#8221;0&#8243; uncode_shortcode_id=&#8221;525050&#8243; back_color_type=&#8221;uncode-palette&#8221;][vc_column column_width_percent=&#8221;100&#8243; position_vertical=&#8221;middle&#8221; gutter_size=&#8221;3&#8243; override_padding=&#8221;yes&#8221; column_padding=&#8221;2&#8243; overlay_alpha=&#8221;50&#8243; border_color=&#8221;color-lxmt&#8221; border_style=&#8221;solid&#8221; shift_x=&#8221;0&#8243; shift_y=&#8221;0&#8243; shift_y_down=&#8221;0&#8243; z_index=&#8221;0&#8243; medium_width=&#8221;0&#8243; mobile_width=&#8221;0&#8243; width=&#8221;1\/1&#8243; uncode_shortcode_id=&#8221;152750&#8243; css=&#8221;.vc_custom_1718878969427{border-top-width: 4px !important;border-right-width: 4px !important;border-bottom-width: 4px !important;border-left-width: 4px !important;}&#8221; border_color_type=&#8221;uncode-palette&#8221;][vc_custom_heading text_color=&#8221;color-130964&#8243; heading_semantic=&#8221;h3&#8243; uncode_shortcode_id=&#8221;606906&#8243; text_color_type=&#8221;uncode-palette&#8221;]For more information about the offer, please contact the Customer Service Department<br \/>\n(Mon &#8211; Fri, 8:00 am &#8211; 5:00 pm):[\/vc_custom_heading][vc_empty_space empty_h=&#8221;2&#8243;][vc_row_inner row_inner_height_percent=&#8221;0&#8243; force_width_grid=&#8221;yes&#8221; overlay_alpha=&#8221;50&#8243; equal_height=&#8221;yes&#8221; gutter_size=&#8221;3&#8243; shift_y=&#8221;0&#8243; z_index=&#8221;0&#8243; uncode_shortcode_id=&#8221;166797&#8243; limit_content=&#8221;&#8221;][vc_column_inner column_width_percent=&#8221;100&#8243; gutter_size=&#8221;3&#8243; override_padding=&#8221;yes&#8221; column_padding=&#8221;0&#8243; overlay_alpha=&#8221;50&#8243; shift_x=&#8221;0&#8243; shift_y=&#8221;0&#8243; shift_y_down=&#8221;0&#8243; z_index=&#8221;0&#8243; medium_width=&#8221;0&#8243; mobile_width=&#8221;0&#8243; width=&#8221;1\/3&#8243; uncode_shortcode_id=&#8221;158232&#8243;][vc_icon position=&#8221;left&#8221; title_aligned_icon=&#8221;yes&#8221; icon=&#8221;fa fa-phone2&#8243; icon_image=&#8221;130853&#8243; icon_color=&#8221;color-130964&#8243; text_size=&#8221;h4&#8243; text_weight=&#8221;600&#8243; uncode_shortcode_id=&#8221;130229&#8243; icon_color_type=&#8221;uncode-palette&#8221; title=&#8221;Phone:&#8221;]+48 22 566 26 00[\/vc_icon][\/vc_column_inner][vc_column_inner width=&#8221;1\/3&#8243;][vc_icon position=&#8221;left&#8221; title_aligned_icon=&#8221;yes&#8221; icon=&#8221;fa fa-phone2&#8243; icon_image=&#8221;130885&#8243; icon_color=&#8221;color-130964&#8243; text_size=&#8221;h4&#8243; text_weight=&#8221;600&#8243; uncode_shortcode_id=&#8221;160537&#8243; icon_color_type=&#8221;uncode-palette&#8221; title=&#8221;Fax:&#8221;]+48 22 566 26 07[\/vc_icon][\/vc_column_inner][vc_column_inner width=&#8221;1\/3&#8243;][vc_icon position=&#8221;left&#8221; title_aligned_icon=&#8221;yes&#8221; icon=&#8221;fa fa-mail&#8221; icon_color=&#8221;color-130964&#8243; size=&#8221;fa-3x&#8221; text_size=&#8221;h4&#8243; text_weight=&#8221;600&#8243; uncode_shortcode_id=&#8221;651317&#8243; icon_color_type=&#8221;uncode-palette&#8221; title=&#8221;Email:&#8221;]<a href=\"mailto:access@komtur.com\">access@komtur.com <\/a>[\/vc_icon][\/vc_column_inner][\/vc_row_inner][\/vc_column][\/vc_row][vc_row unlock_row_content=&#8221;yes&#8221; row_height_percent=&#8221;0&#8243; override_padding=&#8221;yes&#8221; h_padding=&#8221;3&#8243; top_padding=&#8221;2&#8243; bottom_padding=&#8221;2&#8243; overlay_alpha=&#8221;50&#8243; gutter_size=&#8221;3&#8243; column_width_percent=&#8221;100&#8243; shift_y=&#8221;0&#8243; z_index=&#8221;0&#8243; desktop_visibility=&#8221;yes&#8221; medium_visibility=&#8221;yes&#8221; mobile_visibility=&#8221;yes&#8221; uncode_shortcode_id=&#8221;117084&#8243;][vc_column width=&#8221;1\/1&#8243;][vc_custom_heading text_color=&#8221;color-130964&#8243; text_size=&#8221;fontsize-816752&#8243; uncode_shortcode_id=&#8221;390851&#8243; text_color_type=&#8221;uncode-palette&#8221;]Plan podzia\u0142u sp\u00f3\u0142ki Komtur Care[\/vc_custom_heading][vc_row_inner limit_content=&#8221;&#8221;][vc_column_inner width=&#8221;1\/6&#8243;][\/vc_column_inner][vc_column_inner width=&#8221;2\/3&#8243;][vc_column_text uncode_shortcode_id=&#8221;363041&#8243;][real3dflipbook id=&#8217;1&#8242;][\/vc_column_text][\/vc_column_inner][vc_column_inner width=&#8221;1\/6&#8243;][\/vc_column_inner][\/vc_row_inner][\/vc_column][\/vc_row]<\/p>\n<\/div>","protected":false},"excerpt":{"rendered":"<p>[vc_row unlock_row_content=&#8221;yes&#8221; row_height_percent=&#8221;0&#8243; override_padding=&#8221;yes&#8221; h_padding=&#8221;3&#8243; top_padding=&#8221;3&#8243; bottom_padding=&#8221;3&#8243; overlay_alpha=&#8221;50&#8243; gutter_size=&#8221;3&#8243; column_width_percent=&#8221;100&#8243; shift_y=&#8221;0&#8243; z_index=&#8221;0&#8243; uncode_shortcode_id=&#8221;145281&#8243;][vc_column column_width_percent=&#8221;100&#8243; gutter_size=&#8221;3&#8243; overlay_alpha=&#8221;50&#8243; shift_x=&#8221;0&#8243; shift_y=&#8221;0&#8243; shift_y_down=&#8221;0&#8243; z_index=&#8221;0&#8243; [&hellip;]<\/p>\n","protected":false},"author":3,"featured_media":0,"parent":0,"menu_order":0,"comment_status":"closed","ping_status":"closed","template":"","meta":{"footnotes":""},"class_list":["post-131749","page","type-page","status-publish","hentry"],"yoast_head":"<!-- This site is optimized with the Yoast SEO plugin v27.1.1 - https:\/\/yoast.com\/product\/yoast-seo-wordpress\/ -->\n<title>Komtur Care - KOMTUR<\/title>\n<meta name=\"robots\" content=\"index, follow, max-snippet:-1, max-image-preview:large, max-video-preview:-1\" \/>\n<link rel=\"canonical\" href=\"https:\/\/komtur.pl\/en\/komtur-care\/\" \/>\n<meta property=\"og:locale\" content=\"en_US\" \/>\n<meta property=\"og:type\" content=\"article\" \/>\n<meta property=\"og:title\" content=\"Komtur Care - KOMTUR\" \/>\n<meta property=\"og:description\" content=\"[vc_row unlock_row_content=&#8221;yes&#8221; row_height_percent=&#8221;0&#8243; override_padding=&#8221;yes&#8221; h_padding=&#8221;3&#8243; top_padding=&#8221;3&#8243; bottom_padding=&#8221;3&#8243; overlay_alpha=&#8221;50&#8243; gutter_size=&#8221;3&#8243; column_width_percent=&#8221;100&#8243; shift_y=&#8221;0&#8243; z_index=&#8221;0&#8243; uncode_shortcode_id=&#8221;145281&#8243;][vc_column column_width_percent=&#8221;100&#8243; gutter_size=&#8221;3&#8243; overlay_alpha=&#8221;50&#8243; shift_x=&#8221;0&#8243; shift_y=&#8221;0&#8243; shift_y_down=&#8221;0&#8243; z_index=&#8221;0&#8243; [&hellip;]\" \/>\n<meta property=\"og:url\" content=\"https:\/\/komtur.pl\/en\/komtur-care\/\" \/>\n<meta property=\"og:site_name\" content=\"KOMTUR\" \/>\n<meta property=\"article:modified_time\" content=\"2024-08-12T09:57:06+00:00\" \/>\n<meta name=\"twitter:card\" content=\"summary_large_image\" \/>\n<meta name=\"twitter:label1\" content=\"Est. reading time\" \/>\n\t<meta name=\"twitter:data1\" content=\"4 minutes\" \/>\n<script type=\"application\/ld+json\" class=\"yoast-schema-graph\">{\"@context\":\"https:\/\/schema.org\",\"@graph\":[{\"@type\":\"WebPage\",\"@id\":\"https:\/\/komtur.pl\/en\/komtur-care\/\",\"url\":\"https:\/\/komtur.pl\/en\/komtur-care\/\",\"name\":\"Komtur Care - KOMTUR\",\"isPartOf\":{\"@id\":\"https:\/\/komtur.pl\/en\/#website\"},\"datePublished\":\"2024-07-09T09:54:41+00:00\",\"dateModified\":\"2024-08-12T09:57:06+00:00\",\"breadcrumb\":{\"@id\":\"https:\/\/komtur.pl\/en\/komtur-care\/#breadcrumb\"},\"inLanguage\":\"en-US\",\"potentialAction\":[{\"@type\":\"ReadAction\",\"target\":[\"https:\/\/komtur.pl\/en\/komtur-care\/\"]}]},{\"@type\":\"BreadcrumbList\",\"@id\":\"https:\/\/komtur.pl\/en\/komtur-care\/#breadcrumb\",\"itemListElement\":[{\"@type\":\"ListItem\",\"position\":1,\"name\":\"Strona g\u0142\u00f3wna\",\"item\":\"https:\/\/komtur.pl\/en\/\"},{\"@type\":\"ListItem\",\"position\":2,\"name\":\"Komtur Care\"}]},{\"@type\":\"WebSite\",\"@id\":\"https:\/\/komtur.pl\/en\/#website\",\"url\":\"https:\/\/komtur.pl\/en\/\",\"name\":\"KOMTUR\",\"description\":\"\",\"potentialAction\":[{\"@type\":\"SearchAction\",\"target\":{\"@type\":\"EntryPoint\",\"urlTemplate\":\"https:\/\/komtur.pl\/en\/?s={search_term_string}\"},\"query-input\":{\"@type\":\"PropertyValueSpecification\",\"valueRequired\":true,\"valueName\":\"search_term_string\"}}],\"inLanguage\":\"en-US\"}]}<\/script>\n<!-- \/ Yoast SEO plugin. -->","yoast_head_json":{"title":"Komtur Care - KOMTUR","robots":{"index":"index","follow":"follow","max-snippet":"max-snippet:-1","max-image-preview":"max-image-preview:large","max-video-preview":"max-video-preview:-1"},"canonical":"https:\/\/komtur.pl\/en\/komtur-care\/","og_locale":"en_US","og_type":"article","og_title":"Komtur Care - KOMTUR","og_description":"[vc_row unlock_row_content=&#8221;yes&#8221; row_height_percent=&#8221;0&#8243; override_padding=&#8221;yes&#8221; h_padding=&#8221;3&#8243; top_padding=&#8221;3&#8243; bottom_padding=&#8221;3&#8243; overlay_alpha=&#8221;50&#8243; gutter_size=&#8221;3&#8243; column_width_percent=&#8221;100&#8243; shift_y=&#8221;0&#8243; z_index=&#8221;0&#8243; uncode_shortcode_id=&#8221;145281&#8243;][vc_column column_width_percent=&#8221;100&#8243; gutter_size=&#8221;3&#8243; overlay_alpha=&#8221;50&#8243; shift_x=&#8221;0&#8243; shift_y=&#8221;0&#8243; shift_y_down=&#8221;0&#8243; z_index=&#8221;0&#8243; [&hellip;]","og_url":"https:\/\/komtur.pl\/en\/komtur-care\/","og_site_name":"KOMTUR","article_modified_time":"2024-08-12T09:57:06+00:00","twitter_card":"summary_large_image","twitter_misc":{"Est. reading time":"4 minutes"},"schema":{"@context":"https:\/\/schema.org","@graph":[{"@type":"WebPage","@id":"https:\/\/komtur.pl\/en\/komtur-care\/","url":"https:\/\/komtur.pl\/en\/komtur-care\/","name":"Komtur Care - KOMTUR","isPartOf":{"@id":"https:\/\/komtur.pl\/en\/#website"},"datePublished":"2024-07-09T09:54:41+00:00","dateModified":"2024-08-12T09:57:06+00:00","breadcrumb":{"@id":"https:\/\/komtur.pl\/en\/komtur-care\/#breadcrumb"},"inLanguage":"en-US","potentialAction":[{"@type":"ReadAction","target":["https:\/\/komtur.pl\/en\/komtur-care\/"]}]},{"@type":"BreadcrumbList","@id":"https:\/\/komtur.pl\/en\/komtur-care\/#breadcrumb","itemListElement":[{"@type":"ListItem","position":1,"name":"Strona g\u0142\u00f3wna","item":"https:\/\/komtur.pl\/en\/"},{"@type":"ListItem","position":2,"name":"Komtur Care"}]},{"@type":"WebSite","@id":"https:\/\/komtur.pl\/en\/#website","url":"https:\/\/komtur.pl\/en\/","name":"KOMTUR","description":"","potentialAction":[{"@type":"SearchAction","target":{"@type":"EntryPoint","urlTemplate":"https:\/\/komtur.pl\/en\/?s={search_term_string}"},"query-input":{"@type":"PropertyValueSpecification","valueRequired":true,"valueName":"search_term_string"}}],"inLanguage":"en-US"}]}},"_links":{"self":[{"href":"https:\/\/komtur.pl\/en\/wp-json\/wp\/v2\/pages\/131749","targetHints":{"allow":["GET"]}}],"collection":[{"href":"https:\/\/komtur.pl\/en\/wp-json\/wp\/v2\/pages"}],"about":[{"href":"https:\/\/komtur.pl\/en\/wp-json\/wp\/v2\/types\/page"}],"author":[{"embeddable":true,"href":"https:\/\/komtur.pl\/en\/wp-json\/wp\/v2\/users\/3"}],"replies":[{"embeddable":true,"href":"https:\/\/komtur.pl\/en\/wp-json\/wp\/v2\/comments?post=131749"}],"version-history":[{"count":5,"href":"https:\/\/komtur.pl\/en\/wp-json\/wp\/v2\/pages\/131749\/revisions"}],"predecessor-version":[{"id":131869,"href":"https:\/\/komtur.pl\/en\/wp-json\/wp\/v2\/pages\/131749\/revisions\/131869"}],"wp:attachment":[{"href":"https:\/\/komtur.pl\/en\/wp-json\/wp\/v2\/media?parent=131749"}],"curies":[{"name":"wp","href":"https:\/\/api.w.org\/{rel}","templated":true}]}}