{"id":131731,"date":"2024-07-10T06:58:17","date_gmt":"2024-07-10T04:58:17","guid":{"rendered":"https:\/\/komtur.pl\/?page_id=131731"},"modified":"2026-04-13T15:46:46","modified_gmt":"2026-04-13T13:46:46","slug":"documents-to-download","status":"publish","type":"page","link":"https:\/\/komtur.pl\/en\/documents-to-download\/","title":{"rendered":"Documents to download"},"content":{"rendered":"<div class=\"wpb-content-wrapper\"><p>[vc_row unlock_row_content=&#8221;yes&#8221; row_height_percent=&#8221;0&#8243; override_padding=&#8221;yes&#8221; h_padding=&#8221;3&#8243; top_padding=&#8221;3&#8243; bottom_padding=&#8221;3&#8243; overlay_alpha=&#8221;50&#8243; gutter_size=&#8221;3&#8243; column_width_percent=&#8221;100&#8243; shift_y=&#8221;0&#8243; z_index=&#8221;0&#8243; uncode_shortcode_id=&#8221;196361&#8243;][vc_column column_width_percent=&#8221;100&#8243; gutter_size=&#8221;3&#8243; overlay_alpha=&#8221;50&#8243; shift_x=&#8221;0&#8243; shift_y=&#8221;0&#8243; shift_y_down=&#8221;0&#8243; z_index=&#8221;0&#8243; medium_width=&#8221;0&#8243; mobile_width=&#8221;0&#8243; width=&#8221;5\/6&#8243; uncode_shortcode_id=&#8221;114311&#8243;][vc_custom_heading text_color=&#8221;color-130964&#8243; text_size=&#8221;fontsize-816752&#8243; uncode_shortcode_id=&#8221;154455&#8243; text_color_type=&#8221;uncode-palette&#8221;]Documents to download[\/vc_custom_heading][\/vc_column][vc_column width=&#8221;1\/6&#8243;][\/vc_column][\/vc_row][vc_row unlock_row_content=&#8221;yes&#8221; row_height_percent=&#8221;0&#8243; override_padding=&#8221;yes&#8221; h_padding=&#8221;3&#8243; top_padding=&#8221;2&#8243; bottom_padding=&#8221;1&#8243; overlay_alpha=&#8221;50&#8243; gutter_size=&#8221;0&#8243; column_width_percent=&#8221;100&#8243; shift_y=&#8221;0&#8243; z_index=&#8221;0&#8243; el_class=&#8221;inverted-device-order&#8221; uncode_shortcode_id=&#8221;112681&#8243;][vc_column column_width_percent=&#8221;100&#8243; gutter_size=&#8221;3&#8243; overlay_alpha=&#8221;50&#8243; shift_x=&#8221;0&#8243; shift_y=&#8221;0&#8243; shift_y_down=&#8221;0&#8243; z_index=&#8221;0&#8243; medium_width=&#8221;0&#8243; mobile_width=&#8221;0&#8243; width=&#8221;7\/12&#8243; uncode_shortcode_id=&#8221;464142&#8243;][vc_empty_space empty_h=&#8221;2&#8243; desktop_visibility=&#8221;yes&#8221;][vc_single_image media=&#8221;130692&#8243; media_width_percent=&#8221;100&#8243; media_ratio=&#8221;five-four&#8221; uncode_shortcode_id=&#8221;126332&#8243;][\/vc_column][vc_column column_width_percent=&#8221;100&#8243; position_vertical=&#8221;middle&#8221; gutter_size=&#8221;2&#8243; override_padding=&#8221;yes&#8221; column_padding=&#8221;2&#8243; back_color=&#8221;color-lxmt&#8221; overlay_alpha=&#8221;50&#8243; shift_x=&#8221;-3&#8243; shift_x_fixed=&#8221;yes&#8221; shift_y=&#8221;0&#8243; shift_y_down=&#8221;0&#8243; z_index=&#8221;2&#8243; medium_width=&#8221;0&#8243; mobile_width=&#8221;0&#8243; width=&#8221;5\/12&#8243; uncode_shortcode_id=&#8221;160918&#8243; back_color_type=&#8221;uncode-palette&#8221;][vc_custom_heading text_color=&#8221;color-130964&#8243; uncode_shortcode_id=&#8221;282775&#8243; text_color_type=&#8221;uncode-palette&#8221;]Downloads[\/vc_custom_heading][vc_empty_space empty_h=&#8221;1&#8243;][vc_icon position=&#8221;left&#8221; space_reduced=&#8221;yes&#8221; title_aligned_icon=&#8221;yes&#8221; icon=&#8221;fa fa-file-pdf-o&#8221; icon_color=&#8221;color-130964&#8243; size=&#8221;fa-2x&#8221; heading_semantic=&#8221;h5&#8243; text_size=&#8221;h6&#8243; linked_title=&#8221;yes&#8221; uncode_shortcode_id=&#8221;153472&#8243; icon_color_type=&#8221;uncode-palette&#8221; title=&#8221;Formularz reklamacji\/zwrotu PL\/ENG&#8221; link=&#8221;url:https%3A%2F%2Fkomtur.pl%2Fwp-content%2Fuploads%2F2025%2F05%2FZ_001_SPO_H_011-Formularz-reklamacji_zwrotu-PL_ENG.docx|target:_blank&#8221;][\/vc_icon][vc_icon position=&#8221;left&#8221; space_reduced=&#8221;yes&#8221; title_aligned_icon=&#8221;yes&#8221; icon=&#8221;fa fa-file-pdf-o&#8221; icon_color=&#8221;color-130964&#8243; size=&#8221;fa-2x&#8221; heading_semantic=&#8221;h5&#8243; text_size=&#8221;h6&#8243; linked_title=&#8221;yes&#8221; uncode_shortcode_id=&#8221;252487&#8243; icon_color_type=&#8221;uncode-palette&#8221; title=&#8221;Komtur Polska OWS&#8221; link=&#8221;url:https%3A%2F%2Fkomtur.pl%2Fwp-content%2Fuploads%2F2025%2F05%2FKOMTUR_OWS_wspolne_2025-05-14_v1.pdf|target:_blank&#8221;][\/vc_icon][vc_icon position=&#8221;left&#8221; space_reduced=&#8221;yes&#8221; title_aligned_icon=&#8221;yes&#8221; icon=&#8221;fa fa-file-pdf-o&#8221; icon_color=&#8221;color-130964&#8243; size=&#8221;fa-2x&#8221; heading_semantic=&#8221;h5&#8243; text_size=&#8221;h6&#8243; linked_title=&#8221;yes&#8221; uncode_shortcode_id=&#8221;505240&#8243; icon_color_type=&#8221;uncode-palette&#8221; title=&#8221;Zezwolenie na prowadzenie hurtowni Osma\u0144ska&#8221; link=&#8221;url:https%3A%2F%2Fkomtur.pl%2Fwp-content%2Fuploads%2F2025%2F05%2FPOWI.5104.4.2024.AFR_.3-Zezwolenie-w.-skrocona_WDA-excerpt.pdf|target:_blank&#8221;][\/vc_icon][vc_icon position=&#8221;left&#8221; space_reduced=&#8221;yes&#8221; title_aligned_icon=&#8221;yes&#8221; icon=&#8221;fa fa-file-pdf-o&#8221; icon_color=&#8221;color-130964&#8243; size=&#8221;fa-2x&#8221; heading_semantic=&#8221;h5&#8243; text_size=&#8221;h6&#8243; linked_title=&#8221;yes&#8221; uncode_shortcode_id=&#8221;113141&#8243; icon_color_type=&#8221;uncode-palette&#8221; title=&#8221;Informacja o hurtowni desygnowanej&#8221; link=&#8221;url:https%3A%2F%2Fkomtur.pl%2Fwp-content%2Fuploads%2F2025%2F05%2FInformacja-o-hurtowni-desygnowanej-08.04.2025.pdf|target:_blank&#8221;][\/vc_icon][vc_icon position=&#8221;left&#8221; space_reduced=&#8221;yes&#8221; title_aligned_icon=&#8221;yes&#8221; icon=&#8221;fa fa-file-pdf-o&#8221; icon_color=&#8221;color-130964&#8243; size=&#8221;fa-2x&#8221; heading_semantic=&#8221;h5&#8243; text_size=&#8221;h6&#8243; linked_title=&#8221;yes&#8221; uncode_shortcode_id=&#8221;140558&#8243; icon_color_type=&#8221;uncode-palette&#8221; title=&#8221;Zezwolenie \u015aOiP Osma\u0144ska&#8221; link=&#8221;url:https%3A%2F%2Fkomtur.pl%2Fwp-content%2Fuploads%2F2025%2F05%2FNFKS.5520.41.2024.KKW_.5-Zezwolenie-SOiP-Osmanska_Narcotic-license.pdf|target:_blank&#8221;][\/vc_icon][vc_icon position=&#8221;left&#8221; space_reduced=&#8221;yes&#8221; title_aligned_icon=&#8221;yes&#8221; icon=&#8221;fa fa-file-pdf-o&#8221; icon_color=&#8221;color-130964&#8243; size=&#8221;fa-2x&#8221; heading_semantic=&#8221;h5&#8243; text_size=&#8221;h6&#8243; linked_title=&#8221;yes&#8221; uncode_shortcode_id=&#8221;579116&#8243; icon_color_type=&#8221;uncode-palette&#8221; title=&#8221;Komtur Investments po\u0142\u0105czenie sp\u00f3\u0142ek&#8221; link=&#8221;url:http%3A%2F%2Fkomtur.pl%2Fwp-content%2Fuploads%2F2024%2F07%2F210614-postanowienie-KRS-o-przyjeciu-planu-polaczenia-do-akt.pdf|target:_blank&#8221;][\/vc_icon][vc_icon position=&#8221;left&#8221; space_reduced=&#8221;yes&#8221; title_aligned_icon=&#8221;yes&#8221; icon=&#8221;fa fa-file-pdf-o&#8221; icon_color=&#8221;color-130964&#8243; size=&#8221;fa-2x&#8221; heading_semantic=&#8221;h5&#8243; text_size=&#8221;h6&#8243; linked_title=&#8221;yes&#8221; uncode_shortcode_id=&#8221;101889&#8243; icon_color_type=&#8221;uncode-palette&#8221; title=&#8221;CSR Policy \/ Polityka CSR&#8221; link=&#8221;url:https%3A%2F%2Fkomtur.pl%2Fwp-content%2Fuploads%2F2025%2F07%2FCSR-Policy.pdf|target:_blank&#8221;][\/vc_icon][vc_icon position=&#8221;left&#8221; space_reduced=&#8221;yes&#8221; title_aligned_icon=&#8221;yes&#8221; icon=&#8221;fa fa-file-pdf-o&#8221; icon_color=&#8221;color-130964&#8243; size=&#8221;fa-2x&#8221; heading_semantic=&#8221;h5&#8243; text_size=&#8221;h6&#8243; linked_title=&#8221;yes&#8221; uncode_shortcode_id=&#8221;101486&#8243; icon_color_type=&#8221;uncode-palette&#8221; title=&#8221;Kodeks Post\u0119powania dla Partner\u00f3w Biznesowych&#8221; link=&#8221;url:https%3A%2F%2Fkomtur.pl%2Fwp-content%2Fuploads%2F2025%2F07%2FKodeks-dla-dostawcow-i-partnerow-biznesowych-CEE-POL.pdf|target:_blank&#8221;][\/vc_icon][vc_icon position=&#8221;left&#8221; space_reduced=&#8221;yes&#8221; title_aligned_icon=&#8221;yes&#8221; icon=&#8221;fa fa-file-pdf-o&#8221; icon_color=&#8221;color-130964&#8243; size=&#8221;fa-2x&#8221; heading_semantic=&#8221;h5&#8243; text_size=&#8221;h6&#8243; linked_title=&#8221;yes&#8221; uncode_shortcode_id=&#8221;214645&#8243; icon_color_type=&#8221;uncode-palette&#8221; title=&#8221;Environmental Policy&#8221; link=&#8221;url:https%3A%2F%2Fkomtur.pl%2Fwp-content%2Fuploads%2F2025%2F07%2FEnvironmental-Policy.pdf|target:_blank&#8221;][\/vc_icon][vc_icon position=&#8221;left&#8221; space_reduced=&#8221;yes&#8221; title_aligned_icon=&#8221;yes&#8221; icon=&#8221;fa fa-file-pdf-o&#8221; icon_color=&#8221;color-130964&#8243; size=&#8221;fa-2x&#8221; heading_semantic=&#8221;h5&#8243; text_size=&#8221;h6&#8243; linked_title=&#8221;yes&#8221; uncode_shortcode_id=&#8221;154232&#8243; icon_color_type=&#8221;uncode-palette&#8221; title=&#8221;H&amp;S Policy&#8221; link=&#8221;url:https%3A%2F%2Fkomtur.pl%2Fwp-content%2Fuploads%2F2025%2F08%2FHS-Policy-Komtur-CEE.pdf|target:_blank&#8221;][\/vc_icon][vc_icon position=&#8221;left&#8221; space_reduced=&#8221;yes&#8221; title_aligned_icon=&#8221;yes&#8221; icon=&#8221;fa fa-file-pdf-o&#8221; icon_color=&#8221;color-130964&#8243; size=&#8221;fa-2x&#8221; heading_semantic=&#8221;h5&#8243; text_size=&#8221;h6&#8243; linked_title=&#8221;yes&#8221; uncode_shortcode_id=&#8221;987887&#8243; icon_color_type=&#8221;uncode-palette&#8221; title=&#8221;Certyfikat GMP \/ GMP Certificate&#8221; link=&#8221;url:https%3A%2F%2Fkomtur.pl%2Fwp-content%2Fuploads%2F2026%2F04%2FCertyfikat-GMP-PL_EN.pdf|target:_blank&#8221;][\/vc_icon][vc_icon position=&#8221;left&#8221; space_reduced=&#8221;yes&#8221; title_aligned_icon=&#8221;yes&#8221; icon=&#8221;fa fa-file-pdf-o&#8221; icon_color=&#8221;color-130964&#8243; size=&#8221;fa-2x&#8221; heading_semantic=&#8221;h5&#8243; text_size=&#8221;h6&#8243; linked_title=&#8221;yes&#8221; uncode_shortcode_id=&#8221;128356&#8243; icon_color_type=&#8221;uncode-palette&#8221; title=&#8221;DEI Policy \/ Polityka r\u00f3\u017cnorodno\u015bci&#8221; link=&#8221;url:https%3A%2F%2Fkomtur.pl%2Fwp-content%2Fuploads%2F2025%2F07%2FPolityka-roznorodnosci-skan.pdf|target:_blank&#8221;][\/vc_icon][vc_icon position=&#8221;left&#8221; space_reduced=&#8221;yes&#8221; title_aligned_icon=&#8221;yes&#8221; icon=&#8221;fa fa-file-pdf-o&#8221; icon_color=&#8221;color-130964&#8243; size=&#8221;fa-2x&#8221; heading_semantic=&#8221;h5&#8243; text_size=&#8221;h6&#8243; linked_title=&#8221;yes&#8221; uncode_shortcode_id=&#8221;149286&#8243; icon_color_type=&#8221;uncode-palette&#8221; title=&#8221;Polityka zr\u00f3wnowa\u017conych zakup\u00f3w&#8221; link=&#8221;url:https%3A%2F%2Fkomtur.pl%2Fwp-content%2Fuploads%2F2026%2F04%2FPolityka_zrownowazonych_zakupow_skan.pdf|target:_blank&#8221;][\/vc_icon][vc_column_text uncode_shortcode_id=&#8221;658685&#8243;]For more information about the international Komtur Pharmaceuticals group, click <a class=\"external-link-new-window\" style=\"color: #0ba4ab;\" title=\"Opens external link in new window\" href=\"https:\/\/komtur.pl\/en\/contact\/\" target=\"_blank\" rel=\"noopener\">here<\/a><span style=\"color: #0ba4ab; font-family: -apple-system, BlinkMacSystemFont, 'Segoe UI', Roboto, Oxygen-Sans, Ubuntu, Cantarell, 'Helvetica Neue', sans-serif;\">.<\/span>[\/vc_column_text][\/vc_column][\/vc_row]<\/p>\n<\/div>","protected":false},"excerpt":{"rendered":"<p>[vc_row unlock_row_content=&#8221;yes&#8221; row_height_percent=&#8221;0&#8243; override_padding=&#8221;yes&#8221; h_padding=&#8221;3&#8243; top_padding=&#8221;3&#8243; bottom_padding=&#8221;3&#8243; overlay_alpha=&#8221;50&#8243; gutter_size=&#8221;3&#8243; column_width_percent=&#8221;100&#8243; shift_y=&#8221;0&#8243; z_index=&#8221;0&#8243; uncode_shortcode_id=&#8221;196361&#8243;][vc_column column_width_percent=&#8221;100&#8243; gutter_size=&#8221;3&#8243; overlay_alpha=&#8221;50&#8243; shift_x=&#8221;0&#8243; shift_y=&#8221;0&#8243; shift_y_down=&#8221;0&#8243; z_index=&#8221;0&#8243; [&hellip;]<\/p>\n","protected":false},"author":3,"featured_media":0,"parent":0,"menu_order":0,"comment_status":"closed","ping_status":"closed","template":"","meta":{"footnotes":""},"class_list":["post-131731","page","type-page","status-publish","hentry"],"yoast_head":"<!-- This site is optimized with the Yoast SEO plugin v27.1.1 - https:\/\/yoast.com\/product\/yoast-seo-wordpress\/ -->\n<title>Documents to download - KOMTUR<\/title>\n<meta name=\"robots\" content=\"index, follow, max-snippet:-1, max-image-preview:large, max-video-preview:-1\" \/>\n<link rel=\"canonical\" href=\"https:\/\/komtur.pl\/en\/documents-to-download\/\" \/>\n<meta property=\"og:locale\" content=\"en_US\" \/>\n<meta property=\"og:type\" content=\"article\" \/>\n<meta property=\"og:title\" content=\"Documents to download - KOMTUR\" \/>\n<meta property=\"og:description\" content=\"[vc_row unlock_row_content=&#8221;yes&#8221; row_height_percent=&#8221;0&#8243; override_padding=&#8221;yes&#8221; h_padding=&#8221;3&#8243; top_padding=&#8221;3&#8243; bottom_padding=&#8221;3&#8243; overlay_alpha=&#8221;50&#8243; gutter_size=&#8221;3&#8243; column_width_percent=&#8221;100&#8243; shift_y=&#8221;0&#8243; z_index=&#8221;0&#8243; uncode_shortcode_id=&#8221;196361&#8243;][vc_column column_width_percent=&#8221;100&#8243; gutter_size=&#8221;3&#8243; overlay_alpha=&#8221;50&#8243; shift_x=&#8221;0&#8243; shift_y=&#8221;0&#8243; shift_y_down=&#8221;0&#8243; z_index=&#8221;0&#8243; [&hellip;]\" \/>\n<meta property=\"og:url\" content=\"https:\/\/komtur.pl\/en\/documents-to-download\/\" \/>\n<meta property=\"og:site_name\" content=\"KOMTUR\" \/>\n<meta property=\"article:modified_time\" content=\"2026-04-13T13:46:46+00:00\" \/>\n<meta name=\"twitter:card\" content=\"summary_large_image\" \/>\n<meta name=\"twitter:label1\" content=\"Est. reading time\" \/>\n\t<meta name=\"twitter:data1\" content=\"2 minutes\" \/>\n<script type=\"application\/ld+json\" class=\"yoast-schema-graph\">{\"@context\":\"https:\/\/schema.org\",\"@graph\":[{\"@type\":\"WebPage\",\"@id\":\"https:\/\/komtur.pl\/en\/documents-to-download\/\",\"url\":\"https:\/\/komtur.pl\/en\/documents-to-download\/\",\"name\":\"Documents to download - KOMTUR\",\"isPartOf\":{\"@id\":\"https:\/\/komtur.pl\/en\/#website\"},\"datePublished\":\"2024-07-10T04:58:17+00:00\",\"dateModified\":\"2026-04-13T13:46:46+00:00\",\"breadcrumb\":{\"@id\":\"https:\/\/komtur.pl\/en\/documents-to-download\/#breadcrumb\"},\"inLanguage\":\"en-US\",\"potentialAction\":[{\"@type\":\"ReadAction\",\"target\":[\"https:\/\/komtur.pl\/en\/documents-to-download\/\"]}]},{\"@type\":\"BreadcrumbList\",\"@id\":\"https:\/\/komtur.pl\/en\/documents-to-download\/#breadcrumb\",\"itemListElement\":[{\"@type\":\"ListItem\",\"position\":1,\"name\":\"Strona g\u0142\u00f3wna\",\"item\":\"https:\/\/komtur.pl\/en\/\"},{\"@type\":\"ListItem\",\"position\":2,\"name\":\"Documents to download\"}]},{\"@type\":\"WebSite\",\"@id\":\"https:\/\/komtur.pl\/en\/#website\",\"url\":\"https:\/\/komtur.pl\/en\/\",\"name\":\"KOMTUR\",\"description\":\"\",\"potentialAction\":[{\"@type\":\"SearchAction\",\"target\":{\"@type\":\"EntryPoint\",\"urlTemplate\":\"https:\/\/komtur.pl\/en\/?s={search_term_string}\"},\"query-input\":{\"@type\":\"PropertyValueSpecification\",\"valueRequired\":true,\"valueName\":\"search_term_string\"}}],\"inLanguage\":\"en-US\"}]}<\/script>\n<!-- \/ Yoast SEO plugin. -->","yoast_head_json":{"title":"Documents to download - KOMTUR","robots":{"index":"index","follow":"follow","max-snippet":"max-snippet:-1","max-image-preview":"max-image-preview:large","max-video-preview":"max-video-preview:-1"},"canonical":"https:\/\/komtur.pl\/en\/documents-to-download\/","og_locale":"en_US","og_type":"article","og_title":"Documents to download - KOMTUR","og_description":"[vc_row unlock_row_content=&#8221;yes&#8221; row_height_percent=&#8221;0&#8243; override_padding=&#8221;yes&#8221; h_padding=&#8221;3&#8243; top_padding=&#8221;3&#8243; bottom_padding=&#8221;3&#8243; overlay_alpha=&#8221;50&#8243; gutter_size=&#8221;3&#8243; column_width_percent=&#8221;100&#8243; shift_y=&#8221;0&#8243; z_index=&#8221;0&#8243; uncode_shortcode_id=&#8221;196361&#8243;][vc_column column_width_percent=&#8221;100&#8243; gutter_size=&#8221;3&#8243; overlay_alpha=&#8221;50&#8243; shift_x=&#8221;0&#8243; shift_y=&#8221;0&#8243; shift_y_down=&#8221;0&#8243; z_index=&#8221;0&#8243; [&hellip;]","og_url":"https:\/\/komtur.pl\/en\/documents-to-download\/","og_site_name":"KOMTUR","article_modified_time":"2026-04-13T13:46:46+00:00","twitter_card":"summary_large_image","twitter_misc":{"Est. reading time":"2 minutes"},"schema":{"@context":"https:\/\/schema.org","@graph":[{"@type":"WebPage","@id":"https:\/\/komtur.pl\/en\/documents-to-download\/","url":"https:\/\/komtur.pl\/en\/documents-to-download\/","name":"Documents to download - KOMTUR","isPartOf":{"@id":"https:\/\/komtur.pl\/en\/#website"},"datePublished":"2024-07-10T04:58:17+00:00","dateModified":"2026-04-13T13:46:46+00:00","breadcrumb":{"@id":"https:\/\/komtur.pl\/en\/documents-to-download\/#breadcrumb"},"inLanguage":"en-US","potentialAction":[{"@type":"ReadAction","target":["https:\/\/komtur.pl\/en\/documents-to-download\/"]}]},{"@type":"BreadcrumbList","@id":"https:\/\/komtur.pl\/en\/documents-to-download\/#breadcrumb","itemListElement":[{"@type":"ListItem","position":1,"name":"Strona g\u0142\u00f3wna","item":"https:\/\/komtur.pl\/en\/"},{"@type":"ListItem","position":2,"name":"Documents to download"}]},{"@type":"WebSite","@id":"https:\/\/komtur.pl\/en\/#website","url":"https:\/\/komtur.pl\/en\/","name":"KOMTUR","description":"","potentialAction":[{"@type":"SearchAction","target":{"@type":"EntryPoint","urlTemplate":"https:\/\/komtur.pl\/en\/?s={search_term_string}"},"query-input":{"@type":"PropertyValueSpecification","valueRequired":true,"valueName":"search_term_string"}}],"inLanguage":"en-US"}]}},"_links":{"self":[{"href":"https:\/\/komtur.pl\/en\/wp-json\/wp\/v2\/pages\/131731","targetHints":{"allow":["GET"]}}],"collection":[{"href":"https:\/\/komtur.pl\/en\/wp-json\/wp\/v2\/pages"}],"about":[{"href":"https:\/\/komtur.pl\/en\/wp-json\/wp\/v2\/types\/page"}],"author":[{"embeddable":true,"href":"https:\/\/komtur.pl\/en\/wp-json\/wp\/v2\/users\/3"}],"replies":[{"embeddable":true,"href":"https:\/\/komtur.pl\/en\/wp-json\/wp\/v2\/comments?post=131731"}],"version-history":[{"count":24,"href":"https:\/\/komtur.pl\/en\/wp-json\/wp\/v2\/pages\/131731\/revisions"}],"predecessor-version":[{"id":132158,"href":"https:\/\/komtur.pl\/en\/wp-json\/wp\/v2\/pages\/131731\/revisions\/132158"}],"wp:attachment":[{"href":"https:\/\/komtur.pl\/en\/wp-json\/wp\/v2\/media?parent=131731"}],"curies":[{"name":"wp","href":"https:\/\/api.w.org\/{rel}","templated":true}]}}